{"id":52,"date":"2024-04-17T11:05:11","date_gmt":"2024-04-17T09:05:11","guid":{"rendered":"https:\/\/www.petrapackband.de\/?page_id=52"},"modified":"2025-11-09T20:41:58","modified_gmt":"2025-11-09T19:41:58","slug":"ueber-uns","status":"publish","type":"page","link":"https:\/\/www.petrapackband.de\/","title":{"rendered":"WILLKOMMEN IN DER WELT VON PETRA PACK"},"content":{"rendered":"\n<p>Zweimal Vorband von KAFFKIEZ und einmal sogar mit Sportfreunde Stiller &#8211; welche Band kann das schon von sich behaupten? Da kennen wir eine: Petra Pack.<\/p>\n\n\n\n<p>Vier Frauen und ein rhythmischer Herr &#8211; das sind die \u00e4u\u00dferen Rahmenbedingungen. Aber wenn man in das Innere eindringt, dann entdeckt man eine urkomische Bandgr\u00fcndung, eine Wette, die uns auf die B\u00fchne katapultierte, eine Schwangerschaft, die einen unschuldigen Knaben hervorbrachte, und nat\u00fcrlich Musik, die sich keinem Raster anpassen will.<\/p>\n\n\n\n<p>Das erz\u00e4hlen wir euch gerne. Am liebsten live!<\/p>\n\n\n\n<blockquote class=\"wp-block-quote is-layout-flow wp-block-quote-is-layout-flow\">\n<p>\u201ePetra Pack sind mit das Spannendste, was uns zuletzt im lokalen und regionalen Musikgeschehen begegnet ist, vor allem auch deshalb, weil sie so komplett anders klingen und auch komplett anders sind als alles, was hier sonst so kreucht und fleucht und musiziert in der nordbayerischen Diaspora.\u201c Akte XX (Radio Z)<\/p>\n<\/blockquote>\n\n\n\n<div class=\"wp-block-group\"><div class=\"wp-block-group__inner-container is-layout-constrained wp-block-group-is-layout-constrained\">\n<div class=\"wp-block-columns is-layout-flex wp-container-core-columns-is-layout-9d6595d7 wp-block-columns-is-layout-flex\">\n<div class=\"wp-block-column is-layout-flow wp-block-column-is-layout-flow\"><\/div>\n\n\n\n<div class=\"wp-block-column is-layout-flow wp-block-column-is-layout-flow\"><\/div>\n<\/div>\n<\/div><\/div>\n\n\n\n<figure class=\"wp-block-embed is-type-wp-embed is-provider-petra-pack wp-block-embed-petra-pack\"><div class=\"wp-block-embed__wrapper\">\n<blockquote class=\"wp-embedded-content\" data-secret=\"ShZ9JauA9J\"><a href=\"https:\/\/www.petrapackband.de\/index.php\/termine\/\">TERMINE<\/a><\/blockquote><iframe loading=\"lazy\" class=\"wp-embedded-content\" sandbox=\"allow-scripts\" security=\"restricted\" style=\"position: absolute; visibility: hidden;\" title=\"&#8222;TERMINE&#8220; &#8212; PETRA PACK\" src=\"https:\/\/www.petrapackband.de\/index.php\/termine\/embed\/#?secret=NpLPA4kibT#?secret=ShZ9JauA9J\" data-secret=\"ShZ9JauA9J\" width=\"525\" height=\"296\" frameborder=\"0\" marginwidth=\"0\" marginheight=\"0\" scrolling=\"no\"><\/iframe>\n<\/div><\/figure>\n","protected":false},"excerpt":{"rendered":"<p>Zweimal Vorband von KAFFKIEZ und einmal sogar mit Sportfreunde Stiller &#8211; welche Band kann das schon von sich behaupten? Da kennen wir eine: Petra Pack. Vier Frauen und ein rhythmischer Herr &#8211; das sind die \u00e4u\u00dferen Rahmenbedingungen. Aber wenn man in das Innere eindringt, dann entdeckt man eine urkomische Bandgr\u00fcndung, eine Wette, die uns auf &hellip; <\/p>\n<p class=\"link-more\"><a href=\"https:\/\/www.petrapackband.de\/\" class=\"more-link\"><span class=\"screen-reader-text\">\u201eWILLKOMMEN IN DER WELT VON PETRA PACK\u201c <\/span>weiterlesen<\/a><\/p>\n","protected":false},"author":2,"featured_media":264,"parent":0,"menu_order":0,"comment_status":"closed","ping_status":"closed","template":"","meta":{"footnotes":""},"class_list":["post-52","page","type-page","status-publish","has-post-thumbnail","hentry"],"_links":{"self":[{"href":"https:\/\/www.petrapackband.de\/index.php\/wp-json\/wp\/v2\/pages\/52","targetHints":{"allow":["GET"]}}],"collection":[{"href":"https:\/\/www.petrapackband.de\/index.php\/wp-json\/wp\/v2\/pages"}],"about":[{"href":"https:\/\/www.petrapackband.de\/index.php\/wp-json\/wp\/v2\/types\/page"}],"author":[{"embeddable":true,"href":"https:\/\/www.petrapackband.de\/index.php\/wp-json\/wp\/v2\/users\/2"}],"replies":[{"embeddable":true,"href":"https:\/\/www.petrapackband.de\/index.php\/wp-json\/wp\/v2\/comments?post=52"}],"version-history":[{"count":34,"href":"https:\/\/www.petrapackband.de\/index.php\/wp-json\/wp\/v2\/pages\/52\/revisions"}],"predecessor-version":[{"id":444,"href":"https:\/\/www.petrapackband.de\/index.php\/wp-json\/wp\/v2\/pages\/52\/revisions\/444"}],"wp:featuredmedia":[{"embeddable":true,"href":"https:\/\/www.petrapackband.de\/index.php\/wp-json\/wp\/v2\/media\/264"}],"wp:attachment":[{"href":"https:\/\/www.petrapackband.de\/index.php\/wp-json\/wp\/v2\/media?parent=52"}],"curies":[{"name":"wp","href":"https:\/\/api.w.org\/{rel}","templated":true}]}}