{"id":85,"date":"2024-04-15T23:26:54","date_gmt":"2024-04-15T21:26:54","guid":{"rendered":"https:\/\/www.petrapackband.de\/?page_id=85"},"modified":"2024-04-19T11:06:47","modified_gmt":"2024-04-19T09:06:47","slug":"booking","status":"publish","type":"page","link":"https:\/\/www.petrapackband.de\/index.php\/booking\/","title":{"rendered":"BOOKING"},"content":{"rendered":"\n<div class=\"wp-block-contact-form-7-contact-form-selector\">\n<div class=\"wpcf7 no-js\" id=\"wpcf7-f50-o1\" lang=\"de-DE\" dir=\"ltr\" data-wpcf7-id=\"50\">\n<div class=\"screen-reader-response\"><p role=\"status\" aria-live=\"polite\" aria-atomic=\"true\"><\/p> <ul><\/ul><\/div>\n<form action=\"\/index.php\/wp-json\/wp\/v2\/pages\/85#wpcf7-f50-o1\" method=\"post\" class=\"wpcf7-form init\" aria-label=\"Kontaktformular\" novalidate=\"novalidate\" data-status=\"init\">\n<fieldset class=\"hidden-fields-container\"><input type=\"hidden\" name=\"_wpcf7\" value=\"50\" \/><input type=\"hidden\" name=\"_wpcf7_version\" value=\"6.1.5\" \/><input type=\"hidden\" name=\"_wpcf7_locale\" value=\"de_DE\" \/><input type=\"hidden\" name=\"_wpcf7_unit_tag\" value=\"wpcf7-f50-o1\" \/><input type=\"hidden\" name=\"_wpcf7_container_post\" value=\"0\" \/><input type=\"hidden\" name=\"_wpcf7_posted_data_hash\" value=\"\" \/>\n<\/fieldset>\n<p><label> Dein Name<br \/>\n<span class=\"wpcf7-form-control-wrap\" data-name=\"your-name\"><input size=\"40\" maxlength=\"400\" class=\"wpcf7-form-control wpcf7-text wpcf7-validates-as-required\" autocomplete=\"name\" aria-required=\"true\" aria-invalid=\"false\" value=\"\" type=\"text\" name=\"your-name\" \/><\/span> <\/label>\n<\/p>\n<p><label> Deine E-Mail-Adresse<br \/>\n<span class=\"wpcf7-form-control-wrap\" data-name=\"your-email\"><input size=\"40\" maxlength=\"400\" class=\"wpcf7-form-control wpcf7-email wpcf7-validates-as-required wpcf7-text wpcf7-validates-as-email\" autocomplete=\"email\" aria-required=\"true\" aria-invalid=\"false\" value=\"\" type=\"email\" name=\"your-email\" \/><\/span> <\/label>\n<\/p>\n<p><label> Betreff<br \/>\n<span class=\"wpcf7-form-control-wrap\" data-name=\"your-subject\"><input size=\"40\" maxlength=\"400\" class=\"wpcf7-form-control wpcf7-text wpcf7-validates-as-required\" aria-required=\"true\" aria-invalid=\"false\" value=\"\" type=\"text\" name=\"your-subject\" \/><\/span> <\/label>\n<\/p>\n<p><label> Deine Nachricht<br \/>\n<span class=\"wpcf7-form-control-wrap\" data-name=\"your-message\"><textarea cols=\"40\" rows=\"10\" maxlength=\"2000\" class=\"wpcf7-form-control wpcf7-textarea\" aria-invalid=\"false\" name=\"your-message\"><\/textarea><\/span> <\/label>\n<\/p>\n<p><input class=\"wpcf7-form-control wpcf7-submit has-spinner\" type=\"submit\" value=\"Senden\" \/>\n<\/p><div class=\"wpcf7-response-output\" aria-hidden=\"true\"><\/div>\n<\/form>\n<\/div>\n<\/div>\n\n\n\n<p>Wenn du die im Kontaktformular eingegebenen Daten durch Klick auf den Senden-Button \u00fcbersendest, erkl\u00e4rst du dich damit einverstanden, dass wir deine Angaben f\u00fcr die Beantwortung deiner Anfrage bzw. Kontaktaufnahme verwenden. Eine Weitergabe an Dritte findet grunds\u00e4tzlich nicht statt, es sei denn, geltende Datenschutzvorschriften rechtfertigen eine \u00dcbertragung oder wir sind dazu gesetzlich verpflichtet. Du kannst deine erteilte Einwilligung jederzeit mit Wirkung f\u00fcr die Zukunft widerrufen. Im Falle des Widerrufs werden deine Daten umgehend gel\u00f6scht. Deine Daten werden ansonsten gel\u00f6scht, wenn wir deine Anfrage bearbeitet haben oder der Zweck der Speicherung entfallen ist. Du kannst dich jederzeit \u00fcber die zu deiner Person gespeicherten Daten informieren. Weitere Informationen zum Datenschutz findest du auch in der Datenschutzerkl\u00e4rung dieser Webseite.<\/p>\n","protected":false},"excerpt":{"rendered":"<p>Wenn du die im Kontaktformular eingegebenen Daten durch Klick auf den Senden-Button \u00fcbersendest, erkl\u00e4rst du dich damit einverstanden, dass wir deine Angaben f\u00fcr die Beantwortung deiner Anfrage bzw. Kontaktaufnahme verwenden. Eine Weitergabe an Dritte findet grunds\u00e4tzlich nicht statt, es sei denn, geltende Datenschutzvorschriften rechtfertigen eine \u00dcbertragung oder wir sind dazu gesetzlich verpflichtet. Du kannst deine &hellip; <\/p>\n<p class=\"link-more\"><a href=\"https:\/\/www.petrapackband.de\/index.php\/booking\/\" class=\"more-link\"><span class=\"screen-reader-text\">\u201eBOOKING\u201c <\/span>weiterlesen<\/a><\/p>\n","protected":false},"author":2,"featured_media":308,"parent":0,"menu_order":0,"comment_status":"closed","ping_status":"closed","template":"","meta":{"footnotes":""},"class_list":["post-85","page","type-page","status-publish","has-post-thumbnail","hentry"],"_links":{"self":[{"href":"https:\/\/www.petrapackband.de\/index.php\/wp-json\/wp\/v2\/pages\/85","targetHints":{"allow":["GET"]}}],"collection":[{"href":"https:\/\/www.petrapackband.de\/index.php\/wp-json\/wp\/v2\/pages"}],"about":[{"href":"https:\/\/www.petrapackband.de\/index.php\/wp-json\/wp\/v2\/types\/page"}],"author":[{"embeddable":true,"href":"https:\/\/www.petrapackband.de\/index.php\/wp-json\/wp\/v2\/users\/2"}],"replies":[{"embeddable":true,"href":"https:\/\/www.petrapackband.de\/index.php\/wp-json\/wp\/v2\/comments?post=85"}],"version-history":[{"count":5,"href":"https:\/\/www.petrapackband.de\/index.php\/wp-json\/wp\/v2\/pages\/85\/revisions"}],"predecessor-version":[{"id":346,"href":"https:\/\/www.petrapackband.de\/index.php\/wp-json\/wp\/v2\/pages\/85\/revisions\/346"}],"wp:featuredmedia":[{"embeddable":true,"href":"https:\/\/www.petrapackband.de\/index.php\/wp-json\/wp\/v2\/media\/308"}],"wp:attachment":[{"href":"https:\/\/www.petrapackband.de\/index.php\/wp-json\/wp\/v2\/media?parent=85"}],"curies":[{"name":"wp","href":"https:\/\/api.w.org\/{rel}","templated":true}]}}