{"id":88,"date":"2024-04-15T23:28:35","date_gmt":"2024-04-15T21:28:35","guid":{"rendered":"https:\/\/www.petrapackband.de\/?page_id=88"},"modified":"2024-04-18T22:27:20","modified_gmt":"2024-04-18T20:27:20","slug":"shop","status":"publish","type":"page","link":"https:\/\/www.petrapackband.de\/index.php\/shop\/","title":{"rendered":"SHOP"},"content":{"rendered":"\n<p>Unser Shop ist derzeit noch im Aufbau. Gerne beraten wir dich \u00fcber unser Produktsortiment. Nutze dazu bitte das Kontaktformular im Bereich Booking.<\/p>\n\n\n\n<p>Wir bieten derzeit (auf Anfrage auch signiert):<\/p>\n\n\n\n<ul class=\"wp-block-list\">\n<li>CD &#8222;Lieber nicht&#8220;<\/li>\n\n\n\n<li>Plakate<\/li>\n\n\n\n<li>T-Shirts f\u00fcr Sie und Ihn <\/li>\n\n\n\n<li>T-Shirts f\u00fcr Kinder ab Gr\u00f6\u00dfe 116<\/li>\n\n\n\n<li>Unterhosen f\u00fcr Sie und Ihn<\/li>\n\n\n\n<li>Buttons<\/li>\n\n\n\n<li>Aufkleber<\/li>\n<\/ul>\n\n\n\n<p>Unsere Textilien sind handbedruckt, komplette Einzelst\u00fccke und werden mit viel Liebe gestaltet. Ein \u00dcber-Nacht-Versand ist bei uns also nicht m\u00f6glich.<\/p>\n\n\n\n<figure class=\"wp-block-gallery has-nested-images columns-default is-cropped wp-block-gallery-1 is-layout-flex wp-block-gallery-is-layout-flex\">\n<figure class=\"wp-block-image size-large\"><img loading=\"lazy\" decoding=\"async\" width=\"819\" height=\"1024\" data-id=\"327\" src=\"https:\/\/www.petrapackband.de\/wp-content\/uploads\/2024\/04\/BCKD4823-819x1024.jpeg\" alt=\"\" class=\"wp-image-327\" srcset=\"https:\/\/www.petrapackband.de\/wp-content\/uploads\/2024\/04\/BCKD4823-819x1024.jpeg 819w, https:\/\/www.petrapackband.de\/wp-content\/uploads\/2024\/04\/BCKD4823-240x300.jpeg 240w, https:\/\/www.petrapackband.de\/wp-content\/uploads\/2024\/04\/BCKD4823-768x960.jpeg 768w, https:\/\/www.petrapackband.de\/wp-content\/uploads\/2024\/04\/BCKD4823-1229x1536.jpeg 1229w, https:\/\/www.petrapackband.de\/wp-content\/uploads\/2024\/04\/BCKD4823.jpeg 1440w\" sizes=\"auto, (max-width: 706px) 89vw, (max-width: 767px) 82vw, 740px\" \/><\/figure>\n\n\n\n<figure class=\"wp-block-image size-large\"><img loading=\"lazy\" decoding=\"async\" width=\"768\" height=\"1024\" data-id=\"312\" src=\"https:\/\/www.petrapackband.de\/wp-content\/uploads\/2024\/04\/IMG_5690-768x1024.jpeg\" alt=\"\" class=\"wp-image-312\" srcset=\"https:\/\/www.petrapackband.de\/wp-content\/uploads\/2024\/04\/IMG_5690-768x1024.jpeg 768w, https:\/\/www.petrapackband.de\/wp-content\/uploads\/2024\/04\/IMG_5690-225x300.jpeg 225w, https:\/\/www.petrapackband.de\/wp-content\/uploads\/2024\/04\/IMG_5690-1152x1536.jpeg 1152w, https:\/\/www.petrapackband.de\/wp-content\/uploads\/2024\/04\/IMG_5690-1536x2048.jpeg 1536w, https:\/\/www.petrapackband.de\/wp-content\/uploads\/2024\/04\/IMG_5690-scaled.jpeg 1920w\" sizes=\"auto, (max-width: 706px) 89vw, (max-width: 767px) 82vw, 740px\" \/><\/figure>\n\n\n\n<figure class=\"wp-block-image size-large\"><img loading=\"lazy\" decoding=\"async\" width=\"819\" height=\"1024\" data-id=\"311\" src=\"https:\/\/www.petrapackband.de\/wp-content\/uploads\/2024\/04\/RJLU8339-819x1024.jpeg\" alt=\"\" class=\"wp-image-311\" srcset=\"https:\/\/www.petrapackband.de\/wp-content\/uploads\/2024\/04\/RJLU8339-819x1024.jpeg 819w, https:\/\/www.petrapackband.de\/wp-content\/uploads\/2024\/04\/RJLU8339-240x300.jpeg 240w, https:\/\/www.petrapackband.de\/wp-content\/uploads\/2024\/04\/RJLU8339-768x960.jpeg 768w, https:\/\/www.petrapackband.de\/wp-content\/uploads\/2024\/04\/RJLU8339-1229x1536.jpeg 1229w, https:\/\/www.petrapackband.de\/wp-content\/uploads\/2024\/04\/RJLU8339.jpeg 1440w\" sizes=\"auto, (max-width: 706px) 89vw, (max-width: 767px) 82vw, 740px\" \/><\/figure>\n\n\n\n<figure class=\"wp-block-image size-large\"><img loading=\"lazy\" decoding=\"async\" width=\"768\" height=\"1024\" data-id=\"295\" src=\"https:\/\/www.petrapackband.de\/wp-content\/uploads\/2024\/04\/IMG_8348-768x1024.jpeg\" alt=\"\" class=\"wp-image-295\" srcset=\"https:\/\/www.petrapackband.de\/wp-content\/uploads\/2024\/04\/IMG_8348-768x1024.jpeg 768w, https:\/\/www.petrapackband.de\/wp-content\/uploads\/2024\/04\/IMG_8348-225x300.jpeg 225w, https:\/\/www.petrapackband.de\/wp-content\/uploads\/2024\/04\/IMG_8348-1152x1536.jpeg 1152w, https:\/\/www.petrapackband.de\/wp-content\/uploads\/2024\/04\/IMG_8348-1536x2048.jpeg 1536w, https:\/\/www.petrapackband.de\/wp-content\/uploads\/2024\/04\/IMG_8348-scaled.jpeg 1920w\" sizes=\"auto, (max-width: 706px) 89vw, (max-width: 767px) 82vw, 740px\" \/><\/figure>\n\n\n\n<figure class=\"wp-block-image size-large\"><img loading=\"lazy\" decoding=\"async\" width=\"819\" height=\"1024\" data-id=\"328\" src=\"https:\/\/www.petrapackband.de\/wp-content\/uploads\/2024\/04\/HLUO1634-819x1024.jpeg\" alt=\"\" class=\"wp-image-328\" srcset=\"https:\/\/www.petrapackband.de\/wp-content\/uploads\/2024\/04\/HLUO1634-819x1024.jpeg 819w, https:\/\/www.petrapackband.de\/wp-content\/uploads\/2024\/04\/HLUO1634-240x300.jpeg 240w, https:\/\/www.petrapackband.de\/wp-content\/uploads\/2024\/04\/HLUO1634-768x960.jpeg 768w, https:\/\/www.petrapackband.de\/wp-content\/uploads\/2024\/04\/HLUO1634-1229x1536.jpeg 1229w, https:\/\/www.petrapackband.de\/wp-content\/uploads\/2024\/04\/HLUO1634.jpeg 1440w\" sizes=\"auto, (max-width: 706px) 89vw, (max-width: 767px) 82vw, 740px\" \/><\/figure>\n\n\n\n<figure class=\"wp-block-image size-large\"><img loading=\"lazy\" decoding=\"async\" width=\"935\" height=\"1024\" data-id=\"300\" src=\"https:\/\/www.petrapackband.de\/wp-content\/uploads\/2024\/04\/VQUQ8942-935x1024.jpeg\" alt=\"\" class=\"wp-image-300\" srcset=\"https:\/\/www.petrapackband.de\/wp-content\/uploads\/2024\/04\/VQUQ8942-935x1024.jpeg 935w, https:\/\/www.petrapackband.de\/wp-content\/uploads\/2024\/04\/VQUQ8942-274x300.jpeg 274w, https:\/\/www.petrapackband.de\/wp-content\/uploads\/2024\/04\/VQUQ8942-768x841.jpeg 768w, https:\/\/www.petrapackband.de\/wp-content\/uploads\/2024\/04\/VQUQ8942-1402x1536.jpeg 1402w, https:\/\/www.petrapackband.de\/wp-content\/uploads\/2024\/04\/VQUQ8942.jpeg 1454w\" sizes=\"auto, (max-width: 706px) 89vw, (max-width: 767px) 82vw, 740px\" \/><\/figure>\n<\/figure>\n","protected":false},"excerpt":{"rendered":"<p>Unser Shop ist derzeit noch im Aufbau. Gerne beraten wir dich \u00fcber unser Produktsortiment. Nutze dazu bitte das Kontaktformular im Bereich Booking. Wir bieten derzeit (auf Anfrage auch signiert): Unsere Textilien sind handbedruckt, komplette Einzelst\u00fccke und werden mit viel Liebe gestaltet. Ein \u00dcber-Nacht-Versand ist bei uns also nicht m\u00f6glich.<\/p>\n","protected":false},"author":2,"featured_media":293,"parent":0,"menu_order":0,"comment_status":"closed","ping_status":"closed","template":"","meta":{"footnotes":""},"class_list":["post-88","page","type-page","status-publish","has-post-thumbnail","hentry"],"_links":{"self":[{"href":"https:\/\/www.petrapackband.de\/index.php\/wp-json\/wp\/v2\/pages\/88","targetHints":{"allow":["GET"]}}],"collection":[{"href":"https:\/\/www.petrapackband.de\/index.php\/wp-json\/wp\/v2\/pages"}],"about":[{"href":"https:\/\/www.petrapackband.de\/index.php\/wp-json\/wp\/v2\/types\/page"}],"author":[{"embeddable":true,"href":"https:\/\/www.petrapackband.de\/index.php\/wp-json\/wp\/v2\/users\/2"}],"replies":[{"embeddable":true,"href":"https:\/\/www.petrapackband.de\/index.php\/wp-json\/wp\/v2\/comments?post=88"}],"version-history":[{"count":5,"href":"https:\/\/www.petrapackband.de\/index.php\/wp-json\/wp\/v2\/pages\/88\/revisions"}],"predecessor-version":[{"id":336,"href":"https:\/\/www.petrapackband.de\/index.php\/wp-json\/wp\/v2\/pages\/88\/revisions\/336"}],"wp:featuredmedia":[{"embeddable":true,"href":"https:\/\/www.petrapackband.de\/index.php\/wp-json\/wp\/v2\/media\/293"}],"wp:attachment":[{"href":"https:\/\/www.petrapackband.de\/index.php\/wp-json\/wp\/v2\/media?parent=88"}],"curies":[{"name":"wp","href":"https:\/\/api.w.org\/{rel}","templated":true}]}}